{"id":56,"date":"2021-08-30T09:55:30","date_gmt":"2021-08-30T12:55:30","guid":{"rendered":"https:\/\/cincocinco.brandgym.com.br\/?page_id=56"},"modified":"2021-10-22T09:59:51","modified_gmt":"2021-10-22T12:59:51","slug":"posicionamento","status":"publish","type":"page","link":"https:\/\/cincocinco.brandgym.com.br\/index.php\/posicionamento\/","title":{"rendered":"Posicionamento"},"content":{"rendered":"\t\t<div data-elementor-type=\"wp-page\" data-elementor-id=\"56\" class=\"elementor elementor-56\" data-elementor-settings=\"[]\">\n\t\t\t\t\t\t\t<div class=\"elementor-section-wrap\">\n\t\t\t\t\t\t\t<section class=\"elementor-section elementor-top-section elementor-element elementor-element-3d8d475c elementor-section-full_width elementor-section-height-default elementor-section-height-default\" data-id=\"3d8d475c\" data-element_type=\"section\">\n\t\t\t\t\t\t<div class=\"elementor-container elementor-column-gap-default\">\n\t\t\t\t\t<div class=\"elementor-column elementor-col-50 elementor-top-column elementor-element elementor-element-3928d532\" data-id=\"3928d532\" data-element_type=\"column\">\n\t\t\t<div class=\"elementor-widget-wrap elementor-element-populated\">\n\t\t\t\t\t\t\t\t<div class=\"elementor-element elementor-element-120ff54a elementor-widget elementor-widget-image\" data-id=\"120ff54a\" data-element_type=\"widget\" data-widget_type=\"image.default\">\n\t\t\t\t<div class=\"elementor-widget-container\">\n\t\t\t\t\t\t\t\t\t\t\t\t\t\t\t\t<a href=\"https:\/\/cincocinco.brandgym.com.br\/index.php\/home\/\">\n\t\t\t\t\t\t\t<img src=\"https:\/\/cincocinco.brandgym.com.br\/wp-content\/uploads\/2021\/10\/cincocinco.svg\" title=\"cincocinco\" alt=\"cincocinco\" \/>\t\t\t\t\t\t\t\t<\/a>\n\t\t\t\t\t\t\t\t\t\t\t\t\t\t\t<\/div>\n\t\t\t\t<\/div>\n\t\t\t\t\t<\/div>\n\t\t<\/div>\n\t\t\t\t<div class=\"elementor-column elementor-col-50 elementor-top-column elementor-element elementor-element-40773558\" data-id=\"40773558\" data-element_type=\"column\">\n\t\t\t<div class=\"elementor-widget-wrap elementor-element-populated\">\n\t\t\t\t\t\t\t\t<div class=\"elementor-element elementor-element-36a5444d elementor-nav-menu__align-right elementor-nav-menu--dropdown-tablet elementor-nav-menu__text-align-aside elementor-nav-menu--toggle elementor-nav-menu--burger elementor-widget elementor-widget-nav-menu\" data-id=\"36a5444d\" data-element_type=\"widget\" data-settings=\"{&quot;layout&quot;:&quot;horizontal&quot;,&quot;submenu_icon&quot;:{&quot;value&quot;:&quot;&lt;i class=\\&quot;fas fa-caret-down\\&quot;&gt;&lt;\\\/i&gt;&quot;,&quot;library&quot;:&quot;fa-solid&quot;},&quot;toggle&quot;:&quot;burger&quot;}\" data-widget_type=\"nav-menu.default\">\n\t\t\t\t<div class=\"elementor-widget-container\">\n\t\t\t\t\t\t<nav migration_allowed=\"1\" migrated=\"0\" role=\"navigation\" class=\"elementor-nav-menu--main elementor-nav-menu__container elementor-nav-menu--layout-horizontal e--pointer-framed e--animation-fade\"><ul id=\"menu-1-36a5444d\" class=\"elementor-nav-menu\"><li class=\"menu-item menu-item-type-post_type menu-item-object-page menu-item-86\"><a href=\"https:\/\/cincocinco.brandgym.com.br\/index.php\/estrategia\/\" class=\"elementor-item\">C\u00e9rebro de Branding<\/a><\/li>\n<li class=\"menu-item menu-item-type-post_type menu-item-object-page menu-item-73\"><a href=\"https:\/\/cincocinco.brandgym.com.br\/index.php\/posicionamento\/\" class=\"elementor-item\">Posicionamento<\/a><\/li>\n<li class=\"menu-item menu-item-type-post_type menu-item-object-page menu-item-72\"><a href=\"https:\/\/cincocinco.brandgym.com.br\/index.php\/territorio-verbal\/\" class=\"elementor-item\">Territ\u00f3rio verbal<\/a><\/li>\n<li class=\"menu-item menu-item-type-post_type menu-item-object-page menu-item-106\"><a href=\"https:\/\/cincocinco.brandgym.com.br\/index.php\/territorio-visual\/\" class=\"elementor-item\">Territ\u00f3rio Visual<\/a><\/li>\n<li class=\"menu-item menu-item-type-post_type menu-item-object-page menu-item-49\"><a href=\"https:\/\/cincocinco.brandgym.com.br\/index.php\/exemplos\/\" class=\"elementor-item\">Exemplos<\/a><\/li>\n<\/ul><\/nav>\n\t\t\t\t\t<div class=\"elementor-menu-toggle\" role=\"button\" tabindex=\"0\" aria-label=\"Menu Toggle\" aria-expanded=\"false\">\n\t\t\t<i class=\"eicon-menu-bar\" aria-hidden=\"true\" role=\"presentation\"><\/i>\n\t\t\t<span class=\"elementor-screen-only\">Menu<\/span>\n\t\t<\/div>\n\t\t\t<nav class=\"elementor-nav-menu--dropdown elementor-nav-menu__container\" role=\"navigation\" aria-hidden=\"true\"><ul id=\"menu-2-36a5444d\" class=\"elementor-nav-menu\"><li class=\"menu-item menu-item-type-post_type menu-item-object-page menu-item-86\"><a href=\"https:\/\/cincocinco.brandgym.com.br\/index.php\/estrategia\/\" class=\"elementor-item\" tabindex=\"-1\">C\u00e9rebro de Branding<\/a><\/li>\n<li class=\"menu-item menu-item-type-post_type menu-item-object-page menu-item-73\"><a href=\"https:\/\/cincocinco.brandgym.com.br\/index.php\/posicionamento\/\" class=\"elementor-item\" tabindex=\"-1\">Posicionamento<\/a><\/li>\n<li class=\"menu-item menu-item-type-post_type menu-item-object-page menu-item-72\"><a href=\"https:\/\/cincocinco.brandgym.com.br\/index.php\/territorio-verbal\/\" class=\"elementor-item\" tabindex=\"-1\">Territ\u00f3rio verbal<\/a><\/li>\n<li class=\"menu-item menu-item-type-post_type menu-item-object-page menu-item-106\"><a href=\"https:\/\/cincocinco.brandgym.com.br\/index.php\/territorio-visual\/\" class=\"elementor-item\" tabindex=\"-1\">Territ\u00f3rio Visual<\/a><\/li>\n<li class=\"menu-item menu-item-type-post_type menu-item-object-page menu-item-49\"><a href=\"https:\/\/cincocinco.brandgym.com.br\/index.php\/exemplos\/\" class=\"elementor-item\" tabindex=\"-1\">Exemplos<\/a><\/li>\n<\/ul><\/nav>\n\t\t\t\t<\/div>\n\t\t\t\t<\/div>\n\t\t\t\t\t<\/div>\n\t\t<\/div>\n\t\t\t\t\t\t\t<\/div>\n\t\t<\/section>\n\t\t\t\t<section class=\"elementor-section elementor-top-section elementor-element elementor-element-78d03bc8 elementor-section-full_width elementor-section-height-default elementor-section-height-default\" data-id=\"78d03bc8\" data-element_type=\"section\">\n\t\t\t\t\t\t<div class=\"elementor-container elementor-column-gap-default\">\n\t\t\t\t\t<div class=\"elementor-column elementor-col-50 elementor-top-column elementor-element elementor-element-10ef96fb\" data-id=\"10ef96fb\" data-element_type=\"column\">\n\t\t\t<div class=\"elementor-widget-wrap elementor-element-populated\">\n\t\t\t\t\t\t\t\t<div class=\"elementor-element elementor-element-3a6de1f5 elementor-widget elementor-widget-heading\" data-id=\"3a6de1f5\" data-element_type=\"widget\" data-widget_type=\"heading.default\">\n\t\t\t\t<div class=\"elementor-widget-container\">\n\t\t\t<h1 class=\"elementor-heading-title elementor-size-default\">Posicionamento<\/h1>\t\t<\/div>\n\t\t\t\t<\/div>\n\t\t\t\t<div class=\"elementor-element elementor-element-595de6fe elementor-widget elementor-widget-text-editor\" data-id=\"595de6fe\" data-element_type=\"widget\" data-widget_type=\"text-editor.default\">\n\t\t\t\t<div class=\"elementor-widget-container\">\n\t\t\t\t\t\t\tDetermina a forma como a marca se coloca frente a seus concorrentes e para o mercado.\t\t\t\t\t\t<\/div>\n\t\t\t\t<\/div>\n\t\t\t\t\t<\/div>\n\t\t<\/div>\n\t\t\t\t<div class=\"elementor-column elementor-col-50 elementor-top-column elementor-element elementor-element-305a8121\" data-id=\"305a8121\" data-element_type=\"column\">\n\t\t\t<div class=\"elementor-widget-wrap elementor-element-populated\">\n\t\t\t\t\t\t\t\t<div class=\"elementor-element elementor-element-1b2226d8 elementor-widget elementor-widget-image\" data-id=\"1b2226d8\" data-element_type=\"widget\" data-widget_type=\"image.default\">\n\t\t\t\t<div class=\"elementor-widget-container\">\n\t\t\t\t\t\t\t\t\t\t\t\t\t\t\t<img src=\"https:\/\/cincocinco.brandgym.com.br\/wp-content\/uploads\/2021\/10\/img-posicionamento.png\" title=\"img-posicionamento\" alt=\"img-posicionamento\" \/>\t\t\t\t\t\t\t\t\t\t\t\t\t\t\t<\/div>\n\t\t\t\t<\/div>\n\t\t\t\t\t<\/div>\n\t\t<\/div>\n\t\t\t\t\t\t\t<\/div>\n\t\t<\/section>\n\t\t\t\t<section class=\"elementor-section elementor-top-section elementor-element elementor-element-826c315 elementor-section-full_width elementor-section-height-default elementor-section-height-default\" data-id=\"826c315\" data-element_type=\"section\" data-settings=\"{&quot;background_background&quot;:&quot;classic&quot;}\">\n\t\t\t\t\t\t<div class=\"elementor-container elementor-column-gap-default\">\n\t\t\t\t\t<div class=\"elementor-column elementor-col-100 elementor-top-column elementor-element elementor-element-a665331\" data-id=\"a665331\" data-element_type=\"column\">\n\t\t\t<div class=\"elementor-widget-wrap elementor-element-populated\">\n\t\t\t\t\t\t\t\t<div class=\"elementor-element elementor-element-3451a35 elementor-widget elementor-widget-heading\" data-id=\"3451a35\" data-element_type=\"widget\" data-widget_type=\"heading.default\">\n\t\t\t\t<div class=\"elementor-widget-container\">\n\t\t\t<h1 class=\"elementor-heading-title elementor-size-default\">Cr\u00e9dito ideal para a realidade do empreendedor digital dar o pr\u00f3ximo passo. \n<\/h1>\t\t<\/div>\n\t\t\t\t<\/div>\n\t\t\t\t\t<\/div>\n\t\t<\/div>\n\t\t\t\t\t\t\t<\/div>\n\t\t<\/section>\n\t\t\t\t<section class=\"elementor-section elementor-top-section elementor-element elementor-element-79fd21f elementor-section-full_width elementor-section-height-default elementor-section-height-default\" data-id=\"79fd21f\" data-element_type=\"section\" data-settings=\"{&quot;background_background&quot;:&quot;classic&quot;}\">\n\t\t\t\t\t\t<div class=\"elementor-container elementor-column-gap-default\">\n\t\t\t\t\t<div class=\"elementor-column elementor-col-33 elementor-top-column elementor-element elementor-element-8ad399a\" data-id=\"8ad399a\" data-element_type=\"column\">\n\t\t\t<div class=\"elementor-widget-wrap elementor-element-populated\">\n\t\t\t\t\t\t\t\t<div class=\"elementor-element elementor-element-7a46a5b elementor-widget elementor-widget-heading\" data-id=\"7a46a5b\" data-element_type=\"widget\" data-widget_type=\"heading.default\">\n\t\t\t\t<div class=\"elementor-widget-container\">\n\t\t\t<h1 class=\"elementor-heading-title elementor-size-default\">Mercado<\/h1>\t\t<\/div>\n\t\t\t\t<\/div>\n\t\t\t\t<div class=\"elementor-element elementor-element-def7b79 elementor-widget elementor-widget-text-editor\" data-id=\"def7b79\" data-element_type=\"widget\" data-widget_type=\"text-editor.default\">\n\t\t\t\t<div class=\"elementor-widget-container\">\n\t\t\t\t\t\t\tMercado tradicional dos bancos\n\t\t\t\t\t\t<\/div>\n\t\t\t\t<\/div>\n\t\t\t\t\t<\/div>\n\t\t<\/div>\n\t\t\t\t<div class=\"elementor-column elementor-col-33 elementor-top-column elementor-element elementor-element-f9e1a81\" data-id=\"f9e1a81\" data-element_type=\"column\">\n\t\t\t<div class=\"elementor-widget-wrap elementor-element-populated\">\n\t\t\t\t\t\t\t\t<div class=\"elementor-element elementor-element-f5eacc9 elementor-widget elementor-widget-heading\" data-id=\"f5eacc9\" data-element_type=\"widget\" data-widget_type=\"heading.default\">\n\t\t\t\t<div class=\"elementor-widget-container\">\n\t\t\t<h1 class=\"elementor-heading-title elementor-size-default\">Produto<\/h1>\t\t<\/div>\n\t\t\t\t<\/div>\n\t\t\t\t<div class=\"elementor-element elementor-element-d5bd988 elementor-widget elementor-widget-text-editor\" data-id=\"d5bd988\" data-element_type=\"widget\" data-widget_type=\"text-editor.default\">\n\t\t\t\t<div class=\"elementor-widget-container\">\n\t\t\t\t\t\t\tCr\u00e9dito para empreendedores digitais.\t\t\t\t\t\t<\/div>\n\t\t\t\t<\/div>\n\t\t\t\t\t<\/div>\n\t\t<\/div>\n\t\t\t\t<div class=\"elementor-column elementor-col-33 elementor-top-column elementor-element elementor-element-12715ac\" data-id=\"12715ac\" data-element_type=\"column\">\n\t\t\t<div class=\"elementor-widget-wrap elementor-element-populated\">\n\t\t\t\t\t\t\t\t<div class=\"elementor-element elementor-element-5c06d79 elementor-widget elementor-widget-heading\" data-id=\"5c06d79\" data-element_type=\"widget\" data-widget_type=\"heading.default\">\n\t\t\t\t<div class=\"elementor-widget-container\">\n\t\t\t<h1 class=\"elementor-heading-title elementor-size-default\">promessa<\/h1>\t\t<\/div>\n\t\t\t\t<\/div>\n\t\t\t\t<div class=\"elementor-element elementor-element-ec86ddb elementor-widget elementor-widget-text-editor\" data-id=\"ec86ddb\" data-element_type=\"widget\" data-widget_type=\"text-editor.default\">\n\t\t\t\t<div class=\"elementor-widget-container\">\n\t\t\t\t\t\t\tO empreendedor poder fazer o que ele precisa.\t\t\t\t\t\t<\/div>\n\t\t\t\t<\/div>\n\t\t\t\t\t<\/div>\n\t\t<\/div>\n\t\t\t\t\t\t\t<\/div>\n\t\t<\/section>\n\t\t\t\t<section class=\"elementor-section elementor-top-section elementor-element elementor-element-078987f elementor-section-full_width elementor-section-height-default elementor-section-height-default\" data-id=\"078987f\" data-element_type=\"section\" data-settings=\"{&quot;background_background&quot;:&quot;classic&quot;}\">\n\t\t\t\t\t\t<div class=\"elementor-container elementor-column-gap-default\">\n\t\t\t\t\t<div class=\"elementor-column elementor-col-33 elementor-top-column elementor-element elementor-element-f6c51a9\" data-id=\"f6c51a9\" data-element_type=\"column\">\n\t\t\t<div class=\"elementor-widget-wrap elementor-element-populated\">\n\t\t\t\t\t\t\t\t<div class=\"elementor-element elementor-element-9a1f32d elementor-widget elementor-widget-heading\" data-id=\"9a1f32d\" data-element_type=\"widget\" data-widget_type=\"heading.default\">\n\t\t\t\t<div class=\"elementor-widget-container\">\n\t\t\t<h1 class=\"elementor-heading-title elementor-size-default\">Diferenciais<\/h1>\t\t<\/div>\n\t\t\t\t<\/div>\n\t\t\t\t<div class=\"elementor-element elementor-element-646d8c1 elementor-widget elementor-widget-text-editor\" data-id=\"646d8c1\" data-element_type=\"widget\" data-widget_type=\"text-editor.default\">\n\t\t\t\t<div class=\"elementor-widget-container\">\n\t\t\t\t\t\t\t<p><span style=\"font-weight: 300;\">\u2022 Entendimento sobre o neg\u00f3cio e a realidade do empreendedor digital;<\/span><\/p><p><span style=\"font-weight: 300;\">\u2022 Tratamento de igual para igual. Todos s\u00e3o empreendedores como a gente;<\/span><\/p><p><span style=\"font-weight: 300;\">\u2022 Faz do empreendedor digital um protagonista;<\/span><\/p><p><span style=\"font-weight: 300;\">\u2022 Agilidade;<\/span><\/p><p><span style=\"font-weight: 300;\">\u2022 Sem burocracia;<\/span><\/p>\t\t\t\t\t\t<\/div>\n\t\t\t\t<\/div>\n\t\t\t\t\t<\/div>\n\t\t<\/div>\n\t\t\t\t<div class=\"elementor-column elementor-col-33 elementor-top-column elementor-element elementor-element-a0884cb\" data-id=\"a0884cb\" data-element_type=\"column\">\n\t\t\t<div class=\"elementor-widget-wrap elementor-element-populated\">\n\t\t\t\t\t\t\t\t<div class=\"elementor-element elementor-element-1a4f09b elementor-widget elementor-widget-heading\" data-id=\"1a4f09b\" data-element_type=\"widget\" data-widget_type=\"heading.default\">\n\t\t\t\t<div class=\"elementor-widget-container\">\n\t\t\t<h1 class=\"elementor-heading-title elementor-size-default\">Raz\u00f5es para\n<br>acreditar<\/h1>\t\t<\/div>\n\t\t\t\t<\/div>\n\t\t\t\t<div class=\"elementor-element elementor-element-ac87062 elementor-widget elementor-widget-text-editor\" data-id=\"ac87062\" data-element_type=\"widget\" data-widget_type=\"text-editor.default\">\n\t\t\t\t<div class=\"elementor-widget-container\">\n\t\t\t\t\t\t\t<p><span style=\"font-weight: 300;\">\u2022 Todo o processo \u00e9 feito online;<\/span><\/p><p><span style=\"font-weight: 300;\">\u2022 Time que sabe analisar cada realidade do empreendedor;<\/span><\/p><p><span style=\"font-weight: 300;\">\u2022 Atendimento humano quando for preciso;<\/span><\/p><p><span style=\"font-weight: 300;\">\u2022 Relacionamento e acompanhamento do empreendedor no p\u00f3s venda;<\/span><\/p>\t\t\t\t\t\t<\/div>\n\t\t\t\t<\/div>\n\t\t\t\t\t<\/div>\n\t\t<\/div>\n\t\t\t\t<div class=\"elementor-column elementor-col-33 elementor-top-column elementor-element elementor-element-e1b676a\" data-id=\"e1b676a\" data-element_type=\"column\">\n\t\t\t<div class=\"elementor-widget-wrap elementor-element-populated\">\n\t\t\t\t\t\t\t\t<div class=\"elementor-element elementor-element-7d53ec6 elementor-widget elementor-widget-heading\" data-id=\"7d53ec6\" data-element_type=\"widget\" data-widget_type=\"heading.default\">\n\t\t\t\t<div class=\"elementor-widget-container\">\n\t\t\t<h1 class=\"elementor-heading-title elementor-size-default\">P\u00daBLICO<\/h1>\t\t<\/div>\n\t\t\t\t<\/div>\n\t\t\t\t<div class=\"elementor-element elementor-element-62f799f elementor-widget elementor-widget-text-editor\" data-id=\"62f799f\" data-element_type=\"widget\" data-widget_type=\"text-editor.default\">\n\t\t\t\t<div class=\"elementor-widget-container\">\n\t\t\t\t\t\t\t<p><span style=\"font-weight: 300;\">Empreendedores digitais da nova economia<\/span><\/p><p><span style=\"font-weight: 300;\">Empreendedor de tecnologia Saas<\/span><\/p><p><span style=\"font-weight: 300;\">Empreendedor de e-commerce<\/span><\/p>\t\t\t\t\t\t<\/div>\n\t\t\t\t<\/div>\n\t\t\t\t\t<\/div>\n\t\t<\/div>\n\t\t\t\t\t\t\t<\/div>\n\t\t<\/section>\n\t\t\t\t<section class=\"elementor-section elementor-top-section elementor-element elementor-element-39cbfa1 elementor-section-full_width elementor-section-height-default elementor-section-height-default\" data-id=\"39cbfa1\" data-element_type=\"section\" data-settings=\"{&quot;background_background&quot;:&quot;classic&quot;}\">\n\t\t\t\t\t\t<div class=\"elementor-container elementor-column-gap-default\">\n\t\t\t\t\t<div class=\"elementor-column elementor-col-100 elementor-top-column elementor-element elementor-element-27839b9\" data-id=\"27839b9\" data-element_type=\"column\">\n\t\t\t<div class=\"elementor-widget-wrap elementor-element-populated\">\n\t\t\t\t\t\t\t\t<div class=\"elementor-element elementor-element-6cbed51 elementor-widget elementor-widget-heading\" data-id=\"6cbed51\" data-element_type=\"widget\" data-widget_type=\"heading.default\">\n\t\t\t\t<div class=\"elementor-widget-container\">\n\t\t\t<h1 class=\"elementor-heading-title elementor-size-default\">Quem somos<\/h1>\t\t<\/div>\n\t\t\t\t<\/div>\n\t\t\t\t\t<\/div>\n\t\t<\/div>\n\t\t\t\t\t\t\t<\/div>\n\t\t<\/section>\n\t\t\t\t<section class=\"elementor-section elementor-top-section elementor-element elementor-element-f23f8a8 elementor-section-full_width elementor-section-height-default elementor-section-height-default\" data-id=\"f23f8a8\" data-element_type=\"section\" data-settings=\"{&quot;background_background&quot;:&quot;classic&quot;}\">\n\t\t\t\t\t\t<div class=\"elementor-container elementor-column-gap-default\">\n\t\t\t\t\t<div class=\"elementor-column elementor-col-50 elementor-top-column elementor-element elementor-element-f3615c0\" data-id=\"f3615c0\" data-element_type=\"column\">\n\t\t\t<div class=\"elementor-widget-wrap elementor-element-populated\">\n\t\t\t\t\t\t\t\t<div class=\"elementor-element elementor-element-f7e5d48 elementor-widget elementor-widget-text-editor\" data-id=\"f7e5d48\" data-element_type=\"widget\" data-widget_type=\"text-editor.default\">\n\t\t\t\t<div class=\"elementor-widget-container\">\n\t\t\t\t\t\t\t<span style=\"font-weight: 300;\">N\u00f3s somos a Cinco Cinco, empresa brasileira que realmente <\/span><b>entende e acredita <\/b><span style=\"font-weight: 300;\">em voc\u00ea, empreendedor digital.<\/span><br><br>\n\n<span style=\"font-weight: 300;\">Por isso, al\u00e9m do <\/span><b>cr\u00e9dito<\/b><span style=\"font-weight: 300;\">, trazemos tamb\u00e9m o <\/span><b>atendimento e o acompanhamento<\/b><span style=\"font-weight: 300;\"> que funcionam no seu dia a dia e que permitam seu pr\u00f3ximo passo.<\/span><br><br>\n\n<span style=\"font-weight: 300;\">Sabemos que cada neg\u00f3cio possui uma realidade diferente e estamos prontos para contemplar cada necessidade <\/span><b>com agilidade e sem burocracia<\/b><span style=\"font-weight: 300;\">, nosso processo caminha na velocidade das <\/span><b>organiza\u00e7\u00f5es da nova economia<\/b><span style=\"font-weight: 300;\">. Ao mesmo tempo, estamos preparados para fornecer um <\/span><b>tratamento humano<\/b><span style=\"font-weight: 300;\"> sempre que preciso.<\/span><br><br>\n\n<span style=\"font-weight: 300;\">Falamos <\/span><b>de igual pra igual<\/b><span style=\"font-weight: 300;\">. <\/span><span style=\"font-weight: 300;\">\n<\/span><span style=\"font-weight: 300;\">Porque assim como voc\u00ea, tamb\u00e9m somos empreendedores mirando no futuro.<\/span><br><br>\n\n<span style=\"font-weight: 300;\">\u00c9 assim que damos base para seu neg\u00f3cio percorrer o caminho certo, <\/span><span style=\"font-weight: 300;\">\n<\/span><b>o caminho do protagonismo<\/b><span style=\"font-weight: 300;\">.<\/span>\t\t\t\t\t\t<\/div>\n\t\t\t\t<\/div>\n\t\t\t\t\t<\/div>\n\t\t<\/div>\n\t\t\t\t<div class=\"elementor-column elementor-col-50 elementor-top-column elementor-element elementor-element-3ecbf31\" data-id=\"3ecbf31\" data-element_type=\"column\">\n\t\t\t<div class=\"elementor-widget-wrap\">\n\t\t\t\t\t\t\t\t\t<\/div>\n\t\t<\/div>\n\t\t\t\t\t\t\t<\/div>\n\t\t<\/section>\n\t\t\t\t<section class=\"elementor-section elementor-top-section elementor-element elementor-element-5d6dff7c elementor-section-full_width elementor-section-height-default elementor-section-height-default\" data-id=\"5d6dff7c\" data-element_type=\"section\" data-settings=\"{&quot;background_background&quot;:&quot;classic&quot;}\">\n\t\t\t\t\t\t<div class=\"elementor-container elementor-column-gap-default\">\n\t\t\t\t\t<div class=\"elementor-column elementor-col-50 elementor-top-column elementor-element elementor-element-a135c51\" data-id=\"a135c51\" data-element_type=\"column\">\n\t\t\t<div class=\"elementor-widget-wrap elementor-element-populated\">\n\t\t\t\t\t\t\t\t<div class=\"elementor-element elementor-element-30884dff elementor-widget elementor-widget-text-editor\" data-id=\"30884dff\" data-element_type=\"widget\" data-widget_type=\"text-editor.default\">\n\t\t\t\t<div class=\"elementor-widget-container\">\n\t\t\t\t\t\t\t<p>Todas as fotografias s\u00e3o meramente ilustrativas e n\u00e3o podem ser reproduzidas sem a devida autoriza\u00e7\u00e3o.<\/p>\t\t\t\t\t\t<\/div>\n\t\t\t\t<\/div>\n\t\t\t\t\t<\/div>\n\t\t<\/div>\n\t\t\t\t<div class=\"elementor-column elementor-col-50 elementor-top-column elementor-element elementor-element-518cb285\" data-id=\"518cb285\" data-element_type=\"column\">\n\t\t\t<div class=\"elementor-widget-wrap elementor-element-populated\">\n\t\t\t\t\t\t\t\t<div class=\"elementor-element elementor-element-55a3c3b5 elementor-widget__width-auto elementor-widget elementor-widget-text-editor\" data-id=\"55a3c3b5\" data-element_type=\"widget\" data-widget_type=\"text-editor.default\">\n\t\t\t\t<div class=\"elementor-widget-container\">\n\t\t\t\t\t\t\t<p>Brandbook criado por<\/p>\t\t\t\t\t\t<\/div>\n\t\t\t\t<\/div>\n\t\t\t\t<div class=\"elementor-element elementor-element-4865d99c elementor-widget__width-auto elementor-widget elementor-widget-image\" data-id=\"4865d99c\" data-element_type=\"widget\" data-widget_type=\"image.default\">\n\t\t\t\t<div class=\"elementor-widget-container\">\n\t\t\t\t\t\t\t\t\t\t\t\t\t\t\t<img src=\"https:\/\/cincocinco.brandgym.com.br\/wp-content\/uploads\/2021\/10\/bgym2.svg\" title=\"bgym2\" alt=\"bgym2\" \/>\t\t\t\t\t\t\t\t\t\t\t\t\t\t\t<\/div>\n\t\t\t\t<\/div>\n\t\t\t\t\t<\/div>\n\t\t<\/div>\n\t\t\t\t\t\t\t<\/div>\n\t\t<\/section>\n\t\t\t\t\t\t<\/div>\n\t\t\t\t\t<\/div>\n\t\t","protected":false},"excerpt":{"rendered":"<p>Posicionamento Determina a forma como a marca se coloca frente a seus concorrentes e para o mercado. Cr\u00e9dito ideal para a realidade do empreendedor digital dar o pr\u00f3ximo passo. Mercado Mercado tradicional dos bancos Produto Cr\u00e9dito para empreendedores digitais. promessa O empreendedor poder fazer o que ele precisa. Diferenciais \u2022 Entendimento sobre o neg\u00f3cio e [&hellip;]<\/p>\n","protected":false},"author":1,"featured_media":0,"parent":0,"menu_order":0,"comment_status":"closed","ping_status":"closed","template":"elementor_canvas","meta":{"_monsterinsights_skip_tracking":false,"_monsterinsights_sitenote_active":false,"_monsterinsights_sitenote_note":"","_monsterinsights_sitenote_category":0},"_links":{"self":[{"href":"https:\/\/cincocinco.brandgym.com.br\/index.php\/wp-json\/wp\/v2\/pages\/56"}],"collection":[{"href":"https:\/\/cincocinco.brandgym.com.br\/index.php\/wp-json\/wp\/v2\/pages"}],"about":[{"href":"https:\/\/cincocinco.brandgym.com.br\/index.php\/wp-json\/wp\/v2\/types\/page"}],"author":[{"embeddable":true,"href":"https:\/\/cincocinco.brandgym.com.br\/index.php\/wp-json\/wp\/v2\/users\/1"}],"replies":[{"embeddable":true,"href":"https:\/\/cincocinco.brandgym.com.br\/index.php\/wp-json\/wp\/v2\/comments?post=56"}],"version-history":[{"count":31,"href":"https:\/\/cincocinco.brandgym.com.br\/index.php\/wp-json\/wp\/v2\/pages\/56\/revisions"}],"predecessor-version":[{"id":390,"href":"https:\/\/cincocinco.brandgym.com.br\/index.php\/wp-json\/wp\/v2\/pages\/56\/revisions\/390"}],"wp:attachment":[{"href":"https:\/\/cincocinco.brandgym.com.br\/index.php\/wp-json\/wp\/v2\/media?parent=56"}],"curies":[{"name":"wp","href":"https:\/\/api.w.org\/{rel}","templated":true}]}}